{"id":18074,"date":"2022-05-06T03:55:11","date_gmt":"2022-05-06T03:55:11","guid":{"rendered":"https:\/\/loveteambuilding.com\/politica-de-privacidade\/"},"modified":"2025-11-06T13:01:57","modified_gmt":"2025-11-06T13:01:57","slug":"politica-de-privacidade","status":"publish","type":"page","link":"https:\/\/loveteambuilding.com\/pt-pt\/politica-de-privacidade\/","title":{"rendered":"Pol\u00edtica de Privacidade"},"content":{"rendered":"&#13;\n<h2 class=\"wp-block-heading\">Quem somos<\/h2>&#13;\n&#13;\n<p><strong class=\"privacy-policy-tutorial\">Texto sugerido: <\/strong>O endere\u00e7o do nosso site \u00e9: https:\/\/loveteambuilding.com\/<\/p>&#13;\n&#13;\n<h2 class=\"wp-block-heading\">Observa\u00e7\u00f5es<\/h2>&#13;\n&#13;\n<p>Quando os visitantes deixam coment\u00e1rios no site, coletamos os dados mostrados no formul\u00e1rio de coment\u00e1rios, e tamb\u00e9m o endere\u00e7o IP do visitante e a cadeia de caracteres do agente do usu\u00e1rio do navegador para ajudar na dete\u00e7\u00e3o de spam.<\/p>&#13;\n&#13;\n<p>Uma string anonimizada criada a partir do seu endere\u00e7o de e-mail (tamb\u00e9m chamado de hash) pode ser fornecida ao servi\u00e7o Gravatar para ver se voc\u00ea est\u00e1 usando. A pol\u00edtica de privacidade do servi\u00e7o Gravatar est\u00e1 dispon\u00edvel aqui: https:\/\/automattic.com\/privacy\/. Ap\u00f3s a aprova\u00e7\u00e3o do seu coment\u00e1rio, a sua foto de perfil fica vis\u00edvel para o p\u00fablico no contexto do seu coment\u00e1rio.<\/p>&#13;\n&#13;\n<h2 class=\"wp-block-heading\">M\u00cdDIA<\/h2>&#13;\n&#13;\n<p>Se carregar imagens para o website, deve evitar carregar imagens com dados de localiza\u00e7\u00e3o incorporados (GPS EXIF) inclu\u00eddos. Os visitantes do site podem baixar e extrair quaisquer dados de localiza\u00e7\u00e3o de imagens no site.<\/p>&#13;\n&#13;\n<h2 class=\"wp-block-heading\">Biscoitos<\/h2>&#13;\n&#13;\n<p>Se voc\u00ea deixar um coment\u00e1rio em nosso site, voc\u00ea pode optar por salvar seu nome, endere\u00e7o de e-mail e site em cookies. Estes s\u00e3o para sua conveni\u00eancia para que voc\u00ea n\u00e3o tenha que preencher seus dados novamente quando voc\u00ea deixar outro coment\u00e1rio. Estes cookies duram um ano.<\/p>&#13;\n&#13;\n<p>Se visitar a nossa p\u00e1gina de in\u00edcio de sess\u00e3o, definiremos um cookie tempor\u00e1rio para determinar se o seu browser aceita cookies. Este cookie n\u00e3o cont\u00e9m dados pessoais e \u00e9 descartado quando fecha o navegador.<\/p>&#13;\n&#13;\n<p>Quando iniciar sess\u00e3o, tamb\u00e9m configuraremos v\u00e1rios cookies para guardar as suas informa\u00e7\u00f5es de in\u00edcio de sess\u00e3o e as suas op\u00e7\u00f5es de visualiza\u00e7\u00e3o no ecr\u00e3. Os cookies de in\u00edcio de sess\u00e3o duram dois dias e os cookies de op\u00e7\u00f5es de ecr\u00e3 duram um ano. Se voc\u00ea selecionar &#8220;Lembrar de mim&#8221;, seu login persistir\u00e1 por duas semanas. Se terminar sess\u00e3o na sua conta, os cookies de in\u00edcio de sess\u00e3o ser\u00e3o removidos.<\/p>&#13;\n&#13;\n<p>Se editar ou publicar um artigo, ser\u00e1 guardado um cookie adicional no seu navegador. Este cookie n\u00e3o inclui dados pessoais e apenas indica o ID da publica\u00e7\u00e3o do artigo que acabou de editar. Expira ap\u00f3s 1 dia.<\/p>&#13;\n&#13;\n<h2 class=\"wp-block-heading\">Conte\u00fado incorporado de outros sites<\/h2>&#13;\n&#13;\n<p>Os artigos neste site podem incluir conte\u00fado incorporado (por exemplo, v\u00eddeos, imagens, artigos, etc.). O conte\u00fado incorporado de outros sites se comporta exatamente da mesma maneira como se o visitante tivesse visitado o outro site.<\/p>&#13;\n&#13;\n<p>Esses sites podem coletar dados sobre voc\u00ea, usar cookies, incorporar rastreamento adicional de terceiros e monitorar sua intera\u00e7\u00e3o com esse conte\u00fado incorporado, incluindo o rastreamento de sua intera\u00e7\u00e3o com o conte\u00fado incorporado se voc\u00ea tiver uma conta e estiver conectado a esse site.<\/p>&#13;\n&#13;\n<h2 class=\"wp-block-heading\">Com quem partilhamos os seus dados<\/h2>&#13;\n&#13;\n<p>Se voc\u00ea solicitar uma redefini\u00e7\u00e3o de senha, seu endere\u00e7o IP ser\u00e1 inclu\u00eddo no e-mail de redefini\u00e7\u00e3o.<\/p>&#13;\n&#13;\n<h2 class=\"wp-block-heading\">Durante quanto tempo conservamos os seus dados<\/h2>&#13;\n&#13;\n<p>Se voc\u00ea deixar um coment\u00e1rio, o coment\u00e1rio e seus metadados ser\u00e3o retidos indefinidamente. Isso \u00e9 para que possamos reconhecer e aprovar quaisquer coment\u00e1rios de acompanhamento automaticamente, em vez de mant\u00ea-los em uma fila de modera\u00e7\u00e3o.<\/p>&#13;\n&#13;\n<p>Para os usu\u00e1rios que se registram em nosso site (se houver), tamb\u00e9m armazenamos as informa\u00e7\u00f5es pessoais que eles fornecem em seu perfil de usu\u00e1rio. Todos os usu\u00e1rios podem ver, editar ou excluir suas informa\u00e7\u00f5es pessoais a qualquer momento (exceto que n\u00e3o podem alterar seu nome de usu\u00e1rio). Os administradores de sites tamb\u00e9m podem ver e editar essas informa\u00e7\u00f5es.<\/p>&#13;\n&#13;\n<h2 class=\"wp-block-heading\">Que direitos tem sobre os seus dados<\/h2>&#13;\n&#13;\n<p>Se tiver uma conta neste site, ou tiver deixado coment\u00e1rios, pode solicitar a rece\u00e7\u00e3o de um ficheiro exportado dos dados pessoais que mantemos sobre si, incluindo quaisquer dados que nos tenha fornecido. Tamb\u00e9m pode solicitar que apaguemos quaisquer dados pessoais que tenhamos sobre si. Isto n\u00e3o inclui quaisquer dados que somos obrigados a manter para fins administrativos, legais ou de seguran\u00e7a.<\/p>&#13;\n&#13;\n<h2 class=\"wp-block-heading\">Para onde enviamos os seus dados<\/h2>&#13;\n&#13;\n<p>Os coment\u00e1rios dos visitantes podem ser verificados atrav\u00e9s de um servi\u00e7o automatizado de dete\u00e7\u00e3o de spam.<\/p>&#13;\n","protected":false},"excerpt":{"rendered":"<p>&#13; Quem somos &#13; &#13; Texto sugerido: O endere\u00e7o do nosso site \u00e9: https:\/\/loveteambuilding.com\/ &#13; &#13; Observa\u00e7\u00f5es &#13; &#13; Quando os visitantes deixam coment\u00e1rios no site, coletamos os dados mostrados no formul\u00e1rio de coment\u00e1rios, e tamb\u00e9m o endere\u00e7o IP do visitante e a cadeia de caracteres do agente do usu\u00e1rio do navegador para ajudar na [&hellip;]<\/p>\n","protected":false},"author":1,"featured_media":18075,"parent":0,"menu_order":0,"comment_status":"closed","ping_status":"open","template":"","meta":{"footnotes":""},"class_list":["post-18074","page","type-page","status-publish","has-post-thumbnail","hentry"],"yoast_head":"<!-- This site is optimized with the Yoast SEO plugin v27.0 - https:\/\/yoast.com\/product\/yoast-seo-wordpress\/ -->\n<title>Pol\u00edtica de Privacidade - Love Team Building<\/title>\n<meta name=\"description\" content=\"&#013; Quem somos&#013; &#013; Texto sugerido: O endere\u00e7o do nosso site \u00e9: https:\/\/loveteambuilding.com\/&#013; &#013; Observa\u00e7\u00f5es&#013; &#013; Quando os\" \/>\n<meta name=\"robots\" content=\"index, follow, max-snippet:-1, max-image-preview:large, max-video-preview:-1\" \/>\n<link rel=\"canonical\" href=\"https:\/\/loveteambuilding.com\/pt-pt\/politica-de-privacidade\/\" \/>\n<meta property=\"og:locale\" content=\"pt_PT\" \/>\n<meta property=\"og:type\" content=\"article\" \/>\n<meta property=\"og:title\" content=\"Pol\u00edtica de Privacidade - Love Team Building\" \/>\n<meta property=\"og:description\" content=\"&#013; Quem somos&#013; &#013; Texto sugerido: O endere\u00e7o do nosso site \u00e9: https:\/\/loveteambuilding.com\/&#013; &#013; Observa\u00e7\u00f5es&#013; &#013; Quando os\" \/>\n<meta property=\"og:url\" content=\"https:\/\/loveteambuilding.com\/pt-pt\/politica-de-privacidade\/\" \/>\n<meta property=\"og:site_name\" content=\"Love Team Building\" \/>\n<meta property=\"article:modified_time\" content=\"2025-11-06T13:01:57+00:00\" \/>\n<meta property=\"og:image\" content=\"https:\/\/loveteambuilding.com\/wp-content\/uploads\/2025\/03\/pexels-rdne-7551754-1-scaled-e1731517149466.webp\" \/>\n\t<meta property=\"og:image:width\" content=\"1200\" \/>\n\t<meta property=\"og:image:height\" content=\"900\" \/>\n\t<meta property=\"og:image:type\" content=\"image\/webp\" \/>\n<meta name=\"twitter:card\" content=\"summary_large_image\" \/>\n<meta name=\"twitter:label1\" content=\"Tempo estimado de leitura\" \/>\n\t<meta name=\"twitter:data1\" content=\"4 minutos\" \/>\n<script type=\"application\/ld+json\" class=\"yoast-schema-graph\">{\"@context\":\"https:\/\/schema.org\",\"@graph\":[{\"@type\":\"WebPage\",\"@id\":\"https:\/\/loveteambuilding.com\/pt-pt\/politica-de-privacidade\/\",\"url\":\"https:\/\/loveteambuilding.com\/pt-pt\/politica-de-privacidade\/\",\"name\":\"Pol\u00edtica de Privacidade - Love Team Building\",\"isPartOf\":{\"@id\":\"https:\/\/loveteambuilding.com\/pt-pt\/#website\"},\"primaryImageOfPage\":{\"@id\":\"https:\/\/loveteambuilding.com\/pt-pt\/politica-de-privacidade\/#primaryimage\"},\"image\":{\"@id\":\"https:\/\/loveteambuilding.com\/pt-pt\/politica-de-privacidade\/#primaryimage\"},\"thumbnailUrl\":\"https:\/\/loveteambuilding.com\/wp-content\/uploads\/2025\/03\/pexels-rdne-7551754-1-scaled-e1731517149466.webp\",\"datePublished\":\"2022-05-06T03:55:11+00:00\",\"dateModified\":\"2025-11-06T13:01:57+00:00\",\"description\":\"&#13; Quem somos&#13; &#13; Texto sugerido: O endere\u00e7o do nosso site \u00e9: https:\/\/loveteambuilding.com\/&#13; &#13; Observa\u00e7\u00f5es&#13; &#13; Quando os\",\"breadcrumb\":{\"@id\":\"https:\/\/loveteambuilding.com\/pt-pt\/politica-de-privacidade\/#breadcrumb\"},\"inLanguage\":\"pt-PT\",\"potentialAction\":[{\"@type\":\"ReadAction\",\"target\":[\"https:\/\/loveteambuilding.com\/pt-pt\/politica-de-privacidade\/\"]}]},{\"@type\":\"ImageObject\",\"inLanguage\":\"pt-PT\",\"@id\":\"https:\/\/loveteambuilding.com\/pt-pt\/politica-de-privacidade\/#primaryimage\",\"url\":\"https:\/\/loveteambuilding.com\/wp-content\/uploads\/2025\/03\/pexels-rdne-7551754-1-scaled-e1731517149466.webp\",\"contentUrl\":\"https:\/\/loveteambuilding.com\/wp-content\/uploads\/2025\/03\/pexels-rdne-7551754-1-scaled-e1731517149466.webp\",\"width\":1200,\"height\":900},{\"@type\":\"BreadcrumbList\",\"@id\":\"https:\/\/loveteambuilding.com\/pt-pt\/politica-de-privacidade\/#breadcrumb\",\"itemListElement\":[{\"@type\":\"ListItem\",\"position\":1,\"name\":\"Casa\",\"item\":\"https:\/\/loveteambuilding.com\/pt-pt\/atividades-de-team-building\/\"},{\"@type\":\"ListItem\",\"position\":2,\"name\":\"Pol\u00edtica de Privacidade\"}]},{\"@type\":\"WebSite\",\"@id\":\"https:\/\/loveteambuilding.com\/pt-pt\/#website\",\"url\":\"https:\/\/loveteambuilding.com\/pt-pt\/\",\"name\":\"Love Team Building\",\"description\":\"Group Activities across Europe\",\"publisher\":{\"@id\":\"https:\/\/loveteambuilding.com\/pt-pt\/#organization\"},\"potentialAction\":[{\"@type\":\"SearchAction\",\"target\":{\"@type\":\"EntryPoint\",\"urlTemplate\":\"https:\/\/loveteambuilding.com\/pt-pt\/?s={search_term_string}\"},\"query-input\":{\"@type\":\"PropertyValueSpecification\",\"valueRequired\":true,\"valueName\":\"search_term_string\"}}],\"inLanguage\":\"pt-PT\"},{\"@type\":\"Organization\",\"@id\":\"https:\/\/loveteambuilding.com\/pt-pt\/#organization\",\"name\":\"Love Team Building\",\"url\":\"https:\/\/loveteambuilding.com\/pt-pt\/\",\"logo\":{\"@type\":\"ImageObject\",\"inLanguage\":\"pt-PT\",\"@id\":\"https:\/\/loveteambuilding.com\/pt-pt\/#\/schema\/logo\/image\/\",\"url\":\"https:\/\/loveteambuilding.com\/wp-content\/uploads\/2022\/05\/cropped-LTB-logo-2-e1745339490248-1-e1745340226437.png\",\"contentUrl\":\"https:\/\/loveteambuilding.com\/wp-content\/uploads\/2022\/05\/cropped-LTB-logo-2-e1745339490248-1-e1745340226437.png\",\"width\":80,\"height\":70,\"caption\":\"Love Team Building\"},\"image\":{\"@id\":\"https:\/\/loveteambuilding.com\/pt-pt\/#\/schema\/logo\/image\/\"}}]}<\/script>\n<!-- \/ Yoast SEO plugin. -->","yoast_head_json":{"title":"Pol\u00edtica de Privacidade - Love Team Building","description":"&#13; Quem somos&#13; &#13; Texto sugerido: O endere\u00e7o do nosso site \u00e9: https:\/\/loveteambuilding.com\/&#13; &#13; Observa\u00e7\u00f5es&#13; &#13; Quando os","robots":{"index":"index","follow":"follow","max-snippet":"max-snippet:-1","max-image-preview":"max-image-preview:large","max-video-preview":"max-video-preview:-1"},"canonical":"https:\/\/loveteambuilding.com\/pt-pt\/politica-de-privacidade\/","og_locale":"pt_PT","og_type":"article","og_title":"Pol\u00edtica de Privacidade - Love Team Building","og_description":"&#13; Quem somos&#13; &#13; Texto sugerido: O endere\u00e7o do nosso site \u00e9: https:\/\/loveteambuilding.com\/&#13; &#13; Observa\u00e7\u00f5es&#13; &#13; Quando os","og_url":"https:\/\/loveteambuilding.com\/pt-pt\/politica-de-privacidade\/","og_site_name":"Love Team Building","article_modified_time":"2025-11-06T13:01:57+00:00","og_image":[{"width":1200,"height":900,"url":"https:\/\/loveteambuilding.com\/wp-content\/uploads\/2025\/03\/pexels-rdne-7551754-1-scaled-e1731517149466.webp","type":"image\/webp"}],"twitter_card":"summary_large_image","twitter_misc":{"Tempo estimado de leitura":"4 minutos"},"schema":{"@context":"https:\/\/schema.org","@graph":[{"@type":"WebPage","@id":"https:\/\/loveteambuilding.com\/pt-pt\/politica-de-privacidade\/","url":"https:\/\/loveteambuilding.com\/pt-pt\/politica-de-privacidade\/","name":"Pol\u00edtica de Privacidade - Love Team Building","isPartOf":{"@id":"https:\/\/loveteambuilding.com\/pt-pt\/#website"},"primaryImageOfPage":{"@id":"https:\/\/loveteambuilding.com\/pt-pt\/politica-de-privacidade\/#primaryimage"},"image":{"@id":"https:\/\/loveteambuilding.com\/pt-pt\/politica-de-privacidade\/#primaryimage"},"thumbnailUrl":"https:\/\/loveteambuilding.com\/wp-content\/uploads\/2025\/03\/pexels-rdne-7551754-1-scaled-e1731517149466.webp","datePublished":"2022-05-06T03:55:11+00:00","dateModified":"2025-11-06T13:01:57+00:00","description":"&#13; Quem somos&#13; &#13; Texto sugerido: O endere\u00e7o do nosso site \u00e9: https:\/\/loveteambuilding.com\/&#13; &#13; Observa\u00e7\u00f5es&#13; &#13; Quando os","breadcrumb":{"@id":"https:\/\/loveteambuilding.com\/pt-pt\/politica-de-privacidade\/#breadcrumb"},"inLanguage":"pt-PT","potentialAction":[{"@type":"ReadAction","target":["https:\/\/loveteambuilding.com\/pt-pt\/politica-de-privacidade\/"]}]},{"@type":"ImageObject","inLanguage":"pt-PT","@id":"https:\/\/loveteambuilding.com\/pt-pt\/politica-de-privacidade\/#primaryimage","url":"https:\/\/loveteambuilding.com\/wp-content\/uploads\/2025\/03\/pexels-rdne-7551754-1-scaled-e1731517149466.webp","contentUrl":"https:\/\/loveteambuilding.com\/wp-content\/uploads\/2025\/03\/pexels-rdne-7551754-1-scaled-e1731517149466.webp","width":1200,"height":900},{"@type":"BreadcrumbList","@id":"https:\/\/loveteambuilding.com\/pt-pt\/politica-de-privacidade\/#breadcrumb","itemListElement":[{"@type":"ListItem","position":1,"name":"Casa","item":"https:\/\/loveteambuilding.com\/pt-pt\/atividades-de-team-building\/"},{"@type":"ListItem","position":2,"name":"Pol\u00edtica de Privacidade"}]},{"@type":"WebSite","@id":"https:\/\/loveteambuilding.com\/pt-pt\/#website","url":"https:\/\/loveteambuilding.com\/pt-pt\/","name":"Love Team Building","description":"Group Activities across Europe","publisher":{"@id":"https:\/\/loveteambuilding.com\/pt-pt\/#organization"},"potentialAction":[{"@type":"SearchAction","target":{"@type":"EntryPoint","urlTemplate":"https:\/\/loveteambuilding.com\/pt-pt\/?s={search_term_string}"},"query-input":{"@type":"PropertyValueSpecification","valueRequired":true,"valueName":"search_term_string"}}],"inLanguage":"pt-PT"},{"@type":"Organization","@id":"https:\/\/loveteambuilding.com\/pt-pt\/#organization","name":"Love Team Building","url":"https:\/\/loveteambuilding.com\/pt-pt\/","logo":{"@type":"ImageObject","inLanguage":"pt-PT","@id":"https:\/\/loveteambuilding.com\/pt-pt\/#\/schema\/logo\/image\/","url":"https:\/\/loveteambuilding.com\/wp-content\/uploads\/2022\/05\/cropped-LTB-logo-2-e1745339490248-1-e1745340226437.png","contentUrl":"https:\/\/loveteambuilding.com\/wp-content\/uploads\/2022\/05\/cropped-LTB-logo-2-e1745339490248-1-e1745340226437.png","width":80,"height":70,"caption":"Love Team Building"},"image":{"@id":"https:\/\/loveteambuilding.com\/pt-pt\/#\/schema\/logo\/image\/"}}]}},"_links":{"self":[{"href":"https:\/\/loveteambuilding.com\/pt-pt\/wp-json\/wp\/v2\/pages\/18074","targetHints":{"allow":["GET"]}}],"collection":[{"href":"https:\/\/loveteambuilding.com\/pt-pt\/wp-json\/wp\/v2\/pages"}],"about":[{"href":"https:\/\/loveteambuilding.com\/pt-pt\/wp-json\/wp\/v2\/types\/page"}],"author":[{"embeddable":true,"href":"https:\/\/loveteambuilding.com\/pt-pt\/wp-json\/wp\/v2\/users\/1"}],"replies":[{"embeddable":true,"href":"https:\/\/loveteambuilding.com\/pt-pt\/wp-json\/wp\/v2\/comments?post=18074"}],"version-history":[{"count":1,"href":"https:\/\/loveteambuilding.com\/pt-pt\/wp-json\/wp\/v2\/pages\/18074\/revisions"}],"predecessor-version":[{"id":18076,"href":"https:\/\/loveteambuilding.com\/pt-pt\/wp-json\/wp\/v2\/pages\/18074\/revisions\/18076"}],"wp:featuredmedia":[{"embeddable":true,"href":"https:\/\/loveteambuilding.com\/pt-pt\/wp-json\/wp\/v2\/media\/18075"}],"wp:attachment":[{"href":"https:\/\/loveteambuilding.com\/pt-pt\/wp-json\/wp\/v2\/media?parent=18074"}],"curies":[{"name":"wp","href":"https:\/\/api.w.org\/{rel}","templated":true}]}}