{"id":18678,"date":"2022-05-20T09:30:25","date_gmt":"2022-05-20T09:30:25","guid":{"rendered":"https:\/\/loveteambuilding.com\/funcao-pagina-do-parceiro\/"},"modified":"2022-05-20T09:30:25","modified_gmt":"2022-05-20T09:30:25","slug":"funcao-pagina-do-parceiro","status":"publish","type":"page","link":"https:\/\/loveteambuilding.com\/pt-pt\/funcao-pagina-do-parceiro\/","title":{"rendered":"Fun\u00e7\u00e3o: P\u00e1gina do Parceiro"},"content":{"rendered":"","protected":false},"excerpt":{"rendered":"","protected":false},"author":2,"featured_media":0,"parent":0,"menu_order":0,"comment_status":"closed","ping_status":"closed","template":"template-partner-information.php","meta":{"footnotes":""},"class_list":["post-18678","page","type-page","status-publish","has-post-thumbnail","hentry"],"yoast_head":"<!-- This site is optimized with the Yoast SEO plugin v27.0 - https:\/\/yoast.com\/product\/yoast-seo-wordpress\/ -->\n<title>Fun\u00e7\u00e3o: P\u00e1gina do Parceiro - Love Team Building<\/title>\n<meta name=\"robots\" content=\"index, follow, max-snippet:-1, max-image-preview:large, max-video-preview:-1\" \/>\n<link rel=\"canonical\" href=\"https:\/\/loveteambuilding.com\/pt-pt\/funcao-pagina-do-parceiro\/\" \/>\n<meta property=\"og:locale\" content=\"pt_PT\" \/>\n<meta property=\"og:type\" content=\"article\" \/>\n<meta property=\"og:title\" content=\"Fun\u00e7\u00e3o: P\u00e1gina do Parceiro - Love Team Building\" \/>\n<meta property=\"og:url\" content=\"https:\/\/loveteambuilding.com\/pt-pt\/funcao-pagina-do-parceiro\/\" \/>\n<meta property=\"og:site_name\" content=\"Love Team Building\" \/>\n<meta name=\"twitter:card\" content=\"summary_large_image\" \/>\n<script type=\"application\/ld+json\" class=\"yoast-schema-graph\">{\"@context\":\"https:\/\/schema.org\",\"@graph\":[{\"@type\":\"WebPage\",\"@id\":\"https:\/\/loveteambuilding.com\/pt-pt\/funcao-pagina-do-parceiro\/\",\"url\":\"https:\/\/loveteambuilding.com\/pt-pt\/funcao-pagina-do-parceiro\/\",\"name\":\"Fun\u00e7\u00e3o: P\u00e1gina do Parceiro - Love Team Building\",\"isPartOf\":{\"@id\":\"https:\/\/loveteambuilding.com\/pt-pt\/#website\"},\"datePublished\":\"2022-05-20T09:30:25+00:00\",\"breadcrumb\":{\"@id\":\"https:\/\/loveteambuilding.com\/pt-pt\/funcao-pagina-do-parceiro\/#breadcrumb\"},\"inLanguage\":\"pt-PT\",\"potentialAction\":[{\"@type\":\"ReadAction\",\"target\":[\"https:\/\/loveteambuilding.com\/pt-pt\/funcao-pagina-do-parceiro\/\"]}]},{\"@type\":\"BreadcrumbList\",\"@id\":\"https:\/\/loveteambuilding.com\/pt-pt\/funcao-pagina-do-parceiro\/#breadcrumb\",\"itemListElement\":[{\"@type\":\"ListItem\",\"position\":1,\"name\":\"Casa\",\"item\":\"https:\/\/loveteambuilding.com\/pt-pt\/atividades-de-team-building\/\"},{\"@type\":\"ListItem\",\"position\":2,\"name\":\"Fun\u00e7\u00e3o: P\u00e1gina do Parceiro\"}]},{\"@type\":\"WebSite\",\"@id\":\"https:\/\/loveteambuilding.com\/pt-pt\/#website\",\"url\":\"https:\/\/loveteambuilding.com\/pt-pt\/\",\"name\":\"Love Team Building\",\"description\":\"Group Activities across Europe\",\"publisher\":{\"@id\":\"https:\/\/loveteambuilding.com\/pt-pt\/#organization\"},\"potentialAction\":[{\"@type\":\"SearchAction\",\"target\":{\"@type\":\"EntryPoint\",\"urlTemplate\":\"https:\/\/loveteambuilding.com\/pt-pt\/?s={search_term_string}\"},\"query-input\":{\"@type\":\"PropertyValueSpecification\",\"valueRequired\":true,\"valueName\":\"search_term_string\"}}],\"inLanguage\":\"pt-PT\"},{\"@type\":\"Organization\",\"@id\":\"https:\/\/loveteambuilding.com\/pt-pt\/#organization\",\"name\":\"Love Team Building\",\"url\":\"https:\/\/loveteambuilding.com\/pt-pt\/\",\"logo\":{\"@type\":\"ImageObject\",\"inLanguage\":\"pt-PT\",\"@id\":\"https:\/\/loveteambuilding.com\/pt-pt\/#\/schema\/logo\/image\/\",\"url\":\"https:\/\/loveteambuilding.com\/wp-content\/uploads\/2022\/05\/cropped-LTB-logo-2-e1745339490248-1-e1745340226437.png\",\"contentUrl\":\"https:\/\/loveteambuilding.com\/wp-content\/uploads\/2022\/05\/cropped-LTB-logo-2-e1745339490248-1-e1745340226437.png\",\"width\":80,\"height\":70,\"caption\":\"Love Team Building\"},\"image\":{\"@id\":\"https:\/\/loveteambuilding.com\/pt-pt\/#\/schema\/logo\/image\/\"}}]}<\/script>\n<!-- \/ Yoast SEO plugin. -->","yoast_head_json":{"title":"Fun\u00e7\u00e3o: P\u00e1gina do Parceiro - Love Team Building","robots":{"index":"index","follow":"follow","max-snippet":"max-snippet:-1","max-image-preview":"max-image-preview:large","max-video-preview":"max-video-preview:-1"},"canonical":"https:\/\/loveteambuilding.com\/pt-pt\/funcao-pagina-do-parceiro\/","og_locale":"pt_PT","og_type":"article","og_title":"Fun\u00e7\u00e3o: P\u00e1gina do Parceiro - Love Team Building","og_url":"https:\/\/loveteambuilding.com\/pt-pt\/funcao-pagina-do-parceiro\/","og_site_name":"Love Team Building","twitter_card":"summary_large_image","schema":{"@context":"https:\/\/schema.org","@graph":[{"@type":"WebPage","@id":"https:\/\/loveteambuilding.com\/pt-pt\/funcao-pagina-do-parceiro\/","url":"https:\/\/loveteambuilding.com\/pt-pt\/funcao-pagina-do-parceiro\/","name":"Fun\u00e7\u00e3o: P\u00e1gina do Parceiro - Love Team Building","isPartOf":{"@id":"https:\/\/loveteambuilding.com\/pt-pt\/#website"},"datePublished":"2022-05-20T09:30:25+00:00","breadcrumb":{"@id":"https:\/\/loveteambuilding.com\/pt-pt\/funcao-pagina-do-parceiro\/#breadcrumb"},"inLanguage":"pt-PT","potentialAction":[{"@type":"ReadAction","target":["https:\/\/loveteambuilding.com\/pt-pt\/funcao-pagina-do-parceiro\/"]}]},{"@type":"BreadcrumbList","@id":"https:\/\/loveteambuilding.com\/pt-pt\/funcao-pagina-do-parceiro\/#breadcrumb","itemListElement":[{"@type":"ListItem","position":1,"name":"Casa","item":"https:\/\/loveteambuilding.com\/pt-pt\/atividades-de-team-building\/"},{"@type":"ListItem","position":2,"name":"Fun\u00e7\u00e3o: P\u00e1gina do Parceiro"}]},{"@type":"WebSite","@id":"https:\/\/loveteambuilding.com\/pt-pt\/#website","url":"https:\/\/loveteambuilding.com\/pt-pt\/","name":"Love Team Building","description":"Group Activities across Europe","publisher":{"@id":"https:\/\/loveteambuilding.com\/pt-pt\/#organization"},"potentialAction":[{"@type":"SearchAction","target":{"@type":"EntryPoint","urlTemplate":"https:\/\/loveteambuilding.com\/pt-pt\/?s={search_term_string}"},"query-input":{"@type":"PropertyValueSpecification","valueRequired":true,"valueName":"search_term_string"}}],"inLanguage":"pt-PT"},{"@type":"Organization","@id":"https:\/\/loveteambuilding.com\/pt-pt\/#organization","name":"Love Team Building","url":"https:\/\/loveteambuilding.com\/pt-pt\/","logo":{"@type":"ImageObject","inLanguage":"pt-PT","@id":"https:\/\/loveteambuilding.com\/pt-pt\/#\/schema\/logo\/image\/","url":"https:\/\/loveteambuilding.com\/wp-content\/uploads\/2022\/05\/cropped-LTB-logo-2-e1745339490248-1-e1745340226437.png","contentUrl":"https:\/\/loveteambuilding.com\/wp-content\/uploads\/2022\/05\/cropped-LTB-logo-2-e1745339490248-1-e1745340226437.png","width":80,"height":70,"caption":"Love Team Building"},"image":{"@id":"https:\/\/loveteambuilding.com\/pt-pt\/#\/schema\/logo\/image\/"}}]}},"_links":{"self":[{"href":"https:\/\/loveteambuilding.com\/pt-pt\/wp-json\/wp\/v2\/pages\/18678","targetHints":{"allow":["GET"]}}],"collection":[{"href":"https:\/\/loveteambuilding.com\/pt-pt\/wp-json\/wp\/v2\/pages"}],"about":[{"href":"https:\/\/loveteambuilding.com\/pt-pt\/wp-json\/wp\/v2\/types\/page"}],"author":[{"embeddable":true,"href":"https:\/\/loveteambuilding.com\/pt-pt\/wp-json\/wp\/v2\/users\/2"}],"replies":[{"embeddable":true,"href":"https:\/\/loveteambuilding.com\/pt-pt\/wp-json\/wp\/v2\/comments?post=18678"}],"version-history":[{"count":0,"href":"https:\/\/loveteambuilding.com\/pt-pt\/wp-json\/wp\/v2\/pages\/18678\/revisions"}],"wp:attachment":[{"href":"https:\/\/loveteambuilding.com\/pt-pt\/wp-json\/wp\/v2\/media?parent=18678"}],"curies":[{"name":"wp","href":"https:\/\/api.w.org\/{rel}","templated":true}]}}